{"id":12,"date":"2015-03-20T21:19:52","date_gmt":"2015-03-20T21:19:52","guid":{"rendered":"http:\/\/www.gartenflohmarkt.greuleinweg.de\/?page_id=12"},"modified":"2022-04-10T10:03:59","modified_gmt":"2022-04-10T08:03:59","slug":"impressum","status":"publish","type":"page","link":"https:\/\/www.gartenflohmarkt.greuleinweg.de\/?page_id=12","title":{"rendered":"Impressum"},"content":{"rendered":"<p>Der Gartenflohmarkt ist ein privates Nachbarschaftsprojekt<\/p>\n<p>von<\/p>\n<p>Stephan Beier<br \/>\nGreuleinweg 19<br \/>\n90411 N\u00fcrnberg<br \/>\nTel.: +49\u00a0 911 8019058<br \/>\nflohmarkt@greuleinweg.de<\/p>\n<p>und<\/p>\n<p>Judith Beier<br \/>\nGreuleinweg 19<br \/>\n90411 N\u00fcrnberg<br \/>\nTel.: +49\u00a0 911 8019058<br \/>\nflohmarkt@greuleinweg.de<\/p>\n<p>Unterst\u00fctzende:<\/p>\n<p>Petra Zwanzger<\/p>\n<p>Haftungsausschluss<\/p>\n<p>Der Betreiber hat alle in seinem Bereich bereitgestellten Informationen nach bestem Wissen und Gewissen erarbeitet und gepr\u00fcft. Es wird jedoch keine Gew\u00e4hr f\u00fcr die Aktualit\u00e4t, Richtigkeit, Vollst\u00e4ndigkeit oder Qualit\u00e4t und jederzeitige Verf\u00fcgbarkeit der bereitgestellten Informationen \u00fcbernommen.<br \/>\nF\u00fcr etwaige Sch\u00e4den, die beim Aufrufen oder Herunterladen von Daten durch Computerviren oder der Installation oder Nutzung von Software verursacht werden, wird nicht gehaftet.<br \/>\nNamentlich gekennzeichnete Internetseiten geben die Auffassungen und Erkenntnisse des Verfassers bzw. der Verfasser wieder. Trotz sorgf\u00e4ltiger inhaltlicher Kontrolle \u00fcbernehmen wir keine Haftung f\u00fcr die Inhalte externer Links. F\u00fcr den Inhalt der verlinkten Seiten sind ausschlie\u00dflich deren Betreiber verantwortlich.<br \/>\nDer Betreiber beh\u00e4lt es sich ausdr\u00fccklich vor, einzelne Webseiten, Web-Dienste oder das gesamte Angebot ohne gesonderte Ank\u00fcndigung zu ver\u00e4ndern, zu erg\u00e4nzen, zu l\u00f6schen oder die Ver\u00f6ffentlichung zeitweise oder endg\u00fcltig einzustellen.<\/p>\n","protected":false},"excerpt":{"rendered":"<p>Der Gartenflohmarkt ist ein privates Nachbarschaftsprojekt von Stephan Beier Greuleinweg 19 90411 N\u00fcrnberg Tel.: +49\u00a0 911 8019058 flohmarkt@greuleinweg.de und Judith Beier Greuleinweg 19 90411 N\u00fcrnberg Tel.: +49\u00a0 911 8019058 flohmarkt@greuleinweg.de Unterst\u00fctzende: Petra Zwanzger Haftungsausschluss Der Betreiber hat alle in seinem Bereich bereitgestellten Informationen nach bestem Wissen und Gewissen erarbeitet und gepr\u00fcft. Es wird jedoch keine &hellip; <a href=\"https:\/\/www.gartenflohmarkt.greuleinweg.de\/?page_id=12\" class=\"more-link\"><span class=\"screen-reader-text\">Impressum<\/span> weiterlesen <span class=\"meta-nav\">&rarr;<\/span><\/a><\/p>\n","protected":false},"author":1,"featured_media":0,"parent":0,"menu_order":0,"comment_status":"open","ping_status":"closed","template":"","meta":{"_acf_changed":false,"footnotes":""},"class_list":["post-12","page","type-page","status-publish","hentry"],"acf":[],"_links":{"self":[{"href":"https:\/\/www.gartenflohmarkt.greuleinweg.de\/index.php?rest_route=\/wp\/v2\/pages\/12","targetHints":{"allow":["GET"]}}],"collection":[{"href":"https:\/\/www.gartenflohmarkt.greuleinweg.de\/index.php?rest_route=\/wp\/v2\/pages"}],"about":[{"href":"https:\/\/www.gartenflohmarkt.greuleinweg.de\/index.php?rest_route=\/wp\/v2\/types\/page"}],"author":[{"embeddable":true,"href":"https:\/\/www.gartenflohmarkt.greuleinweg.de\/index.php?rest_route=\/wp\/v2\/users\/1"}],"replies":[{"embeddable":true,"href":"https:\/\/www.gartenflohmarkt.greuleinweg.de\/index.php?rest_route=%2Fwp%2Fv2%2Fcomments&post=12"}],"version-history":[{"count":3,"href":"https:\/\/www.gartenflohmarkt.greuleinweg.de\/index.php?rest_route=\/wp\/v2\/pages\/12\/revisions"}],"predecessor-version":[{"id":201,"href":"https:\/\/www.gartenflohmarkt.greuleinweg.de\/index.php?rest_route=\/wp\/v2\/pages\/12\/revisions\/201"}],"wp:attachment":[{"href":"https:\/\/www.gartenflohmarkt.greuleinweg.de\/index.php?rest_route=%2Fwp%2Fv2%2Fmedia&parent=12"}],"curies":[{"name":"wp","href":"https:\/\/api.w.org\/{rel}","templated":true}]}}